{"id":44,"date":"2018-06-07T13:15:48","date_gmt":"2018-06-07T12:15:48","guid":{"rendered":"http:\/\/www.lomex.ch\/ARA-Niederglatt\/?page_id=44"},"modified":"2018-06-25T16:42:55","modified_gmt":"2018-06-25T15:42:55","slug":"biologische-reinigung","status":"publish","type":"page","link":"https:\/\/www.araniederglatt.ch\/?page_id=44","title":{"rendered":"Biologische Reinigung"},"content":{"rendered":"<p align=\"justify\"><span style=\"color: #000000;\">Nach der mechanischen Reinigung enth\u00e4lt das Abwasser noch Schmutzstoffe in Form von festen und gel\u00f6sten organischen Kohlenstoffverbindungen und von N\u00e4hrstoffen. Diese werden in bel\u00fcfteten Becken (Bel\u00fcftungsbecken) durch Bakterien und Mikroorganismen zu anorganischen Substanzen abgebaut.<\/span><\/p>\n<p align=\"justify\"><img loading=\"lazy\" decoding=\"async\" class=\"alignnone size-full wp-image-126\" src=\"http:\/\/www.lomex.ch\/ARA-Niederglatt\/wp-content\/uploads\/2018\/06\/Biologische-Reinigung1.jpg\" alt=\"\" width=\"430\" height=\"323\" srcset=\"https:\/\/www.araniederglatt.ch\/wp-content\/uploads\/2018\/06\/Biologische-Reinigung1.jpg 430w, https:\/\/www.araniederglatt.ch\/wp-content\/uploads\/2018\/06\/Biologische-Reinigung1-300x225.jpg 300w\" sizes=\"auto, (max-width: 430px) 100vw, 430px\" \/><br \/>\n<span style=\"color: #000000;\">Bel\u00fcftungsbecken<\/span><\/p>\n<p align=\"justify\"><span style=\"color: #000000;\">Bakterien und Mikroorganismen vermehren sich dabei und bilden zusammen mit Schmutzstoffen leichte braune Flocken, die im Nachkl\u00e4rbecken auf den Boden sinken. Von dort werden diese als \u00dcberschussschlamm in die Schlammbehandlung gepumpt.<\/span><\/p>\n<p align=\"justify\"><span style=\"color: #000000;\">Stickstoffverbindungen, wie z.B. Ammonium, unterliegen, wenn sie in ein Gew\u00e4sser gelangen, einem biologischen Umwandlungsprozess, der Nitrifikation. Dabei wird dem Ge\u00e4sser lebensnotwendiger Sauerstoff entzogen.<\/span><br \/>\n<span style=\"color: #000000;\">Deshalb wird in modernen Kl\u00e4ranlagen dieser Nitrifikationsprozess ebenfalls bereits im Bel\u00fcftungsbecken durchgef\u00fchrt. Spezielle Bakterien wandeln dabei das Ammonium zum weniger sch\u00e4dlichen Nitrat um. Dabei muss wiederum gen\u00fcgend Sauerstoff in Form von Luft in die Bel\u00fcftungsbecken eingetragen werden. Das entstehende Nitrat ist bekanntlich ein D\u00fcngestoff welcher das Algenwachstum f\u00f6rdern kann.<\/span><br \/>\n<span style=\"color: #000000;\">Um die Nitratbelastung der Gew\u00e4sser zu vermindern, werden die Bakterien in einem Beckenteil nicht mit Sauerstoff versorgt. Unter Sauerstoffmangel sind die Bakterien gezwungen, f\u00fcr ihre Atmung den am Nitrat gebundenen Sauerstoff zu veratmen. Aus dem Nitrat entsteht dabei harmloses Stickstoffgas, das in die Atmosph\u00e4re gelangt.<\/span><\/p>\n","protected":false},"excerpt":{"rendered":"<p>Nach der mechanischen Reinigung enth\u00e4lt das Abwasser noch Schmutzstoffe in Form von festen und gel\u00f6sten organischen Kohlenstoffverbindungen und von N\u00e4hrstoffen. &hellip; <a href=\"https:\/\/www.araniederglatt.ch\/?page_id=44\" class=\"more-link\">Continue reading <span class=\"screen-reader-text\">Biologische Reinigung<\/span><\/a><\/p>\n","protected":false},"author":1,"featured_media":0,"parent":0,"menu_order":0,"comment_status":"closed","ping_status":"closed","template":"","meta":{"footnotes":""},"class_list":["post-44","page","type-page","status-publish","hentry"],"_links":{"self":[{"href":"https:\/\/www.araniederglatt.ch\/index.php?rest_route=\/wp\/v2\/pages\/44","targetHints":{"allow":["GET"]}}],"collection":[{"href":"https:\/\/www.araniederglatt.ch\/index.php?rest_route=\/wp\/v2\/pages"}],"about":[{"href":"https:\/\/www.araniederglatt.ch\/index.php?rest_route=\/wp\/v2\/types\/page"}],"author":[{"embeddable":true,"href":"https:\/\/www.araniederglatt.ch\/index.php?rest_route=\/wp\/v2\/users\/1"}],"replies":[{"embeddable":true,"href":"https:\/\/www.araniederglatt.ch\/index.php?rest_route=%2Fwp%2Fv2%2Fcomments&post=44"}],"version-history":[{"count":3,"href":"https:\/\/www.araniederglatt.ch\/index.php?rest_route=\/wp\/v2\/pages\/44\/revisions"}],"predecessor-version":[{"id":134,"href":"https:\/\/www.araniederglatt.ch\/index.php?rest_route=\/wp\/v2\/pages\/44\/revisions\/134"}],"wp:attachment":[{"href":"https:\/\/www.araniederglatt.ch\/index.php?rest_route=%2Fwp%2Fv2%2Fmedia&parent=44"}],"curies":[{"name":"wp","href":"https:\/\/api.w.org\/{rel}","templated":true}]}}