{"id":194,"date":"2018-06-25T17:42:03","date_gmt":"2018-06-25T16:42:03","guid":{"rendered":"http:\/\/www.lomex.ch\/ARA-Niederglatt\/?page_id=194"},"modified":"2021-01-06T07:47:58","modified_gmt":"2021-01-06T06:47:58","slug":"mitarbeiter-2","status":"publish","type":"page","link":"https:\/\/www.araniederglatt.ch\/?page_id=194","title":{"rendered":"Mitarbeiter"},"content":{"rendered":"<p><span style=\"color: #000000;\">Die Abwasserreinigungsanlage ist heute mit einem Industrieunternehmen zu vergleichen. Ein grosser Einsatz von elektrischer Energie und Betriebsmitteln ist notwendig, um die Reinigungsprozesse zu betreiben.\u00a0 <\/span><\/p>\n<p><span style=\"color: #000000;\">Vier Mitarbeiter betreiben die mechanischen und biologischen Reinigungsstufen, Phosphatelimination, Schlammfaulung, Schlammentw\u00e4sserung. Sie <\/span><span style=\"color: #000000;\">sorgen daf\u00fcr, dass die Anlagen rund um die Uhr, w\u00e4hrend 365 Tagen im Jahr, einwandfrei funktionieren und die geforderte Reinigungsleistung erbracht wird. Dazu geh\u00f6ren auch der vorbeugende Unterhalt und die administrativen Arbeiten.<\/span><\/p>\n<p>&nbsp;<\/p>\n<p>&nbsp;<\/p>\n<h4 style=\"padding: 0px; color: #0e1015; text-transform: none; line-height: 30px; text-indent: 0px; letter-spacing: normal; clear: both; font-family: Raleway, 'Helvetica Neue', Helvetica, Arial, sans-serif; font-size: 25px; font-style: normal; font-weight: 400; margin-top: 0px; margin-bottom: 24px; word-spacing: 0px; white-space: normal; box-sizing: inherit; orphans: 2; widows: 2; background-color: #e6edea; font-variant-ligatures: normal; font-variant-caps: normal; -webkit-text-stroke-width: 0px; text-decoration-thickness: initial; text-decoration-style: initial; text-decoration-color: initial;\" align=\"justify\"><\/h4>\n<style type=\"text\/css\">\n#foogallery-gallery-284 .fg-image { width: 200px; }\n#foogallery-gallery-284 { --fg-gutter: 10px; }<\/style>\n\t\t\t<div class=\"foogallery foogallery-container foogallery-default foogallery-lightbox-foobox fg-center fg-default fg-ready fg-light fg-border-thin fg-shadow-outline fg-loading-default fg-loaded-fade-in fg-caption-hover fg-hover-fade fg-hover-zoom\" id=\"foogallery-gallery-284\" data-foogallery=\"{&quot;item&quot;:{&quot;showCaptionTitle&quot;:true,&quot;showCaptionDescription&quot;:true},&quot;lazy&quot;:true}\" style=\"--fg-title-line-clamp: 0; --fg-description-line-clamp: 0;\" >\n\t<div class=\"fg-item fg-type-image fg-idle\"><figure class=\"fg-item-inner\"><a href=\"https:\/\/www.araniederglatt.ch\/wp-content\/uploads\/2019\/05\/Stephan-Ramseyer.jpg\" data-caption-title=\"Stephan Ramseyer\nBetriebsleiter\" data-attachment-id=\"288\" data-type=\"image\" class=\"fg-thumb\"><span class=\"fg-image-wrap\"><img decoding=\"async\" title=\"Stephan Ramseyer\nBetriebsleiter\" width=\"200\" height=\"200\" class=\"skip-lazy fg-image\" data-src-fg=\"https:\/\/www.araniederglatt.ch\/wp-content\/uploads\/cache\/2019\/05\/Stephan-Ramseyer\/2127406535.jpg\" src=\"data:image\/svg+xml,%3Csvg%20xmlns%3D%22http%3A%2F%2Fwww.w3.org%2F2000%2Fsvg%22%20width%3D%22200%22%20height%3D%22200%22%20viewBox%3D%220%200%20200%20200%22%3E%3C%2Fsvg%3E\" loading=\"eager\"><\/span><span class=\"fg-image-overlay\"><\/span><\/a><figcaption class=\"fg-caption\"><div class=\"fg-caption-inner\"><div class=\"fg-caption-title\">Stephan Ramseyer\nBetriebsleiter<\/div><\/div><\/figcaption><\/figure><div class=\"fg-loader\"><\/div><\/div><div class=\"fg-item fg-type-image fg-idle\"><figure class=\"fg-item-inner\"><a href=\"https:\/\/www.araniederglatt.ch\/wp-content\/uploads\/2019\/07\/013.jpg\" data-caption-title=\"R\u00f6bi Diener\nBetriebselektriker, Kl\u00e4rwerkfachmann\" data-attachment-id=\"324\" data-type=\"image\" class=\"fg-thumb\"><span class=\"fg-image-wrap\"><img decoding=\"async\" title=\"R\u00f6bi Diener\nBetriebselektriker, Kl\u00e4rwerkfachmann\" width=\"200\" height=\"200\" class=\"skip-lazy fg-image\" data-src-fg=\"https:\/\/www.araniederglatt.ch\/wp-content\/uploads\/cache\/2019\/07\/013\/1383185352.jpg\" src=\"data:image\/svg+xml,%3Csvg%20xmlns%3D%22http%3A%2F%2Fwww.w3.org%2F2000%2Fsvg%22%20width%3D%22200%22%20height%3D%22200%22%20viewBox%3D%220%200%20200%20200%22%3E%3C%2Fsvg%3E\" loading=\"eager\"><\/span><span class=\"fg-image-overlay\"><\/span><\/a><figcaption class=\"fg-caption\"><div class=\"fg-caption-inner\"><div class=\"fg-caption-title\">R\u00f6bi Diener\nBetriebselektriker, Kl\u00e4rwerkfachmann<\/div><\/div><\/figcaption><\/figure><div class=\"fg-loader\"><\/div><\/div><div class=\"fg-item fg-type-image fg-idle\"><figure class=\"fg-item-inner\"><a href=\"https:\/\/www.araniederglatt.ch\/wp-content\/uploads\/2019\/07\/015.jpg\" data-caption-title=\"Fabian Mosimann\nStv. Betriebsleiter\" data-attachment-id=\"323\" data-type=\"image\" class=\"fg-thumb\"><span class=\"fg-image-wrap\"><img decoding=\"async\" title=\"Fabian Mosimann\nStv. Betriebsleiter\" width=\"200\" height=\"200\" class=\"skip-lazy fg-image\" data-src-fg=\"https:\/\/www.araniederglatt.ch\/wp-content\/uploads\/cache\/2019\/07\/015\/3814025467.jpg\" src=\"data:image\/svg+xml,%3Csvg%20xmlns%3D%22http%3A%2F%2Fwww.w3.org%2F2000%2Fsvg%22%20width%3D%22200%22%20height%3D%22200%22%20viewBox%3D%220%200%20200%20200%22%3E%3C%2Fsvg%3E\" loading=\"eager\"><\/span><span class=\"fg-image-overlay\"><\/span><\/a><figcaption class=\"fg-caption\"><div class=\"fg-caption-inner\"><div class=\"fg-caption-title\">Fabian Mosimann\nStv. Betriebsleiter<\/div><\/div><\/figcaption><\/figure><div class=\"fg-loader\"><\/div><\/div><div class=\"fg-item fg-type-image fg-idle\"><figure class=\"fg-item-inner\"><a href=\"https:\/\/www.araniederglatt.ch\/wp-content\/uploads\/2019\/07\/014.jpg\" data-caption-title=\"Andreas Schertenleib\nKl\u00e4rwerkfachmann\" data-attachment-id=\"322\" data-type=\"image\" class=\"fg-thumb\"><span class=\"fg-image-wrap\"><img decoding=\"async\" title=\"Andreas Schertenleib\nKl\u00e4rwerkfachmann\" width=\"200\" height=\"200\" class=\"skip-lazy fg-image\" data-src-fg=\"https:\/\/www.araniederglatt.ch\/wp-content\/uploads\/cache\/2019\/07\/014\/1055389273.jpg\" src=\"data:image\/svg+xml,%3Csvg%20xmlns%3D%22http%3A%2F%2Fwww.w3.org%2F2000%2Fsvg%22%20width%3D%22200%22%20height%3D%22200%22%20viewBox%3D%220%200%20200%20200%22%3E%3C%2Fsvg%3E\" loading=\"eager\"><\/span><span class=\"fg-image-overlay\"><\/span><\/a><figcaption class=\"fg-caption\"><div class=\"fg-caption-inner\"><div class=\"fg-caption-title\">Andreas Schertenleib\nKl\u00e4rwerkfachmann<\/div><\/div><\/figcaption><\/figure><div class=\"fg-loader\"><\/div><\/div><div class=\"fg-item fg-type-image fg-idle\"><figure class=\"fg-item-inner\"><a href=\"https:\/\/www.araniederglatt.ch\/wp-content\/uploads\/2019\/07\/007-e1609857246653.jpg\" data-caption-title=\"Team\" data-attachment-id=\"329\" data-type=\"image\" class=\"fg-thumb\"><span class=\"fg-image-wrap\"><img decoding=\"async\" title=\"Team\" width=\"200\" height=\"200\" class=\"skip-lazy fg-image\" data-src-fg=\"https:\/\/www.araniederglatt.ch\/wp-content\/uploads\/cache\/2019\/07\/007-e1609857246653\/3013979609.jpg\" src=\"data:image\/svg+xml,%3Csvg%20xmlns%3D%22http%3A%2F%2Fwww.w3.org%2F2000%2Fsvg%22%20width%3D%22200%22%20height%3D%22200%22%20viewBox%3D%220%200%20200%20200%22%3E%3C%2Fsvg%3E\" loading=\"eager\"><\/span><span class=\"fg-image-overlay\"><\/span><\/a><figcaption class=\"fg-caption\"><div class=\"fg-caption-inner\"><div class=\"fg-caption-title\">Team<\/div><\/div><\/figcaption><\/figure><div class=\"fg-loader\"><\/div><\/div><\/div>\n\n","protected":false},"excerpt":{"rendered":"<p>Die Abwasserreinigungsanlage ist heute mit einem Industrieunternehmen zu vergleichen. Ein grosser Einsatz von elektrischer Energie und Betriebsmitteln ist notwendig, um &hellip; <a href=\"https:\/\/www.araniederglatt.ch\/?page_id=194\" class=\"more-link\">Continue reading <span class=\"screen-reader-text\">Mitarbeiter<\/span><\/a><\/p>\n","protected":false},"author":1,"featured_media":0,"parent":0,"menu_order":0,"comment_status":"closed","ping_status":"closed","template":"","meta":{"footnotes":""},"class_list":["post-194","page","type-page","status-publish","hentry"],"yoast_head":"<!-- This site is optimized with the Yoast SEO plugin v27.3 - https:\/\/yoast.com\/product\/yoast-seo-wordpress\/ -->\r\n<title>Mitarbeiter - ARA Niederglatt<\/title>\r\n<meta name=\"robots\" content=\"index, follow, max-snippet:-1, max-image-preview:large, max-video-preview:-1\" \/>\r\n<link rel=\"canonical\" href=\"https:\/\/www.araniederglatt.ch\/?page_id=194\" \/>\r\n<meta property=\"og:locale\" content=\"de_DE\" \/>\r\n<meta property=\"og:type\" content=\"article\" \/>\r\n<meta property=\"og:title\" content=\"Mitarbeiter - ARA Niederglatt\" \/>\r\n<meta property=\"og:description\" content=\"Die Abwasserreinigungsanlage ist heute mit einem Industrieunternehmen zu vergleichen. Ein grosser Einsatz von elektrischer Energie und Betriebsmitteln ist notwendig, um &hellip; Continue reading Mitarbeiter\" \/>\r\n<meta property=\"og:url\" content=\"https:\/\/www.araniederglatt.ch\/?page_id=194\" \/>\r\n<meta property=\"og:site_name\" content=\"ARA Niederglatt\" \/>\r\n<meta property=\"article:modified_time\" content=\"2021-01-06T06:47:58+00:00\" \/>\r\n<meta name=\"twitter:card\" content=\"summary_large_image\" \/>\r\n<script type=\"application\/ld+json\" class=\"yoast-schema-graph\">{\"@context\":\"https:\\\/\\\/schema.org\",\"@graph\":[{\"@type\":\"WebPage\",\"@id\":\"https:\\\/\\\/www.araniederglatt.ch\\\/?page_id=194\",\"url\":\"https:\\\/\\\/www.araniederglatt.ch\\\/?page_id=194\",\"name\":\"Mitarbeiter - ARA Niederglatt\",\"isPartOf\":{\"@id\":\"https:\\\/\\\/www.araniederglatt.ch\\\/#website\"},\"datePublished\":\"2018-06-25T16:42:03+00:00\",\"dateModified\":\"2021-01-06T06:47:58+00:00\",\"breadcrumb\":{\"@id\":\"https:\\\/\\\/www.araniederglatt.ch\\\/?page_id=194#breadcrumb\"},\"inLanguage\":\"de\",\"potentialAction\":[{\"@type\":\"ReadAction\",\"target\":[\"https:\\\/\\\/www.araniederglatt.ch\\\/?page_id=194\"]}]},{\"@type\":\"BreadcrumbList\",\"@id\":\"https:\\\/\\\/www.araniederglatt.ch\\\/?page_id=194#breadcrumb\",\"itemListElement\":[{\"@type\":\"ListItem\",\"position\":1,\"name\":\"Start\",\"item\":\"https:\\\/\\\/www.araniederglatt.ch\\\/\"},{\"@type\":\"ListItem\",\"position\":2,\"name\":\"Mitarbeiter\"}]},{\"@type\":\"WebSite\",\"@id\":\"https:\\\/\\\/www.araniederglatt.ch\\\/#website\",\"url\":\"https:\\\/\\\/www.araniederglatt.ch\\\/\",\"name\":\"ARA Niederglatt\",\"description\":\"Sauberes Wasser, Abwasserreingung, Abwasserreinigung Niederglatt\",\"publisher\":{\"@id\":\"https:\\\/\\\/www.araniederglatt.ch\\\/#organization\"},\"potentialAction\":[{\"@type\":\"SearchAction\",\"target\":{\"@type\":\"EntryPoint\",\"urlTemplate\":\"https:\\\/\\\/www.araniederglatt.ch\\\/?s={search_term_string}\"},\"query-input\":{\"@type\":\"PropertyValueSpecification\",\"valueRequired\":true,\"valueName\":\"search_term_string\"}}],\"inLanguage\":\"de\"},{\"@type\":\"Organization\",\"@id\":\"https:\\\/\\\/www.araniederglatt.ch\\\/#organization\",\"name\":\"ARA Niederglatt\",\"url\":\"https:\\\/\\\/www.araniederglatt.ch\\\/\",\"logo\":{\"@type\":\"ImageObject\",\"inLanguage\":\"de\",\"@id\":\"https:\\\/\\\/www.araniederglatt.ch\\\/#\\\/schema\\\/logo\\\/image\\\/\",\"url\":\"https:\\\/\\\/www.araniederglatt.ch\\\/wp-content\\\/uploads\\\/2018\\\/06\\\/cropped-NG-Logo-CMYK.jpg\",\"contentUrl\":\"https:\\\/\\\/www.araniederglatt.ch\\\/wp-content\\\/uploads\\\/2018\\\/06\\\/cropped-NG-Logo-CMYK.jpg\",\"width\":3399,\"height\":1375,\"caption\":\"ARA Niederglatt\"},\"image\":{\"@id\":\"https:\\\/\\\/www.araniederglatt.ch\\\/#\\\/schema\\\/logo\\\/image\\\/\"}}]}<\/script>\r\n<!-- \/ Yoast SEO plugin. -->","yoast_head_json":{"title":"Mitarbeiter - ARA Niederglatt","robots":{"index":"index","follow":"follow","max-snippet":"max-snippet:-1","max-image-preview":"max-image-preview:large","max-video-preview":"max-video-preview:-1"},"canonical":"https:\/\/www.araniederglatt.ch\/?page_id=194","og_locale":"de_DE","og_type":"article","og_title":"Mitarbeiter - ARA Niederglatt","og_description":"Die Abwasserreinigungsanlage ist heute mit einem Industrieunternehmen zu vergleichen. Ein grosser Einsatz von elektrischer Energie und Betriebsmitteln ist notwendig, um &hellip; Continue reading Mitarbeiter","og_url":"https:\/\/www.araniederglatt.ch\/?page_id=194","og_site_name":"ARA Niederglatt","article_modified_time":"2021-01-06T06:47:58+00:00","twitter_card":"summary_large_image","schema":{"@context":"https:\/\/schema.org","@graph":[{"@type":"WebPage","@id":"https:\/\/www.araniederglatt.ch\/?page_id=194","url":"https:\/\/www.araniederglatt.ch\/?page_id=194","name":"Mitarbeiter - ARA Niederglatt","isPartOf":{"@id":"https:\/\/www.araniederglatt.ch\/#website"},"datePublished":"2018-06-25T16:42:03+00:00","dateModified":"2021-01-06T06:47:58+00:00","breadcrumb":{"@id":"https:\/\/www.araniederglatt.ch\/?page_id=194#breadcrumb"},"inLanguage":"de","potentialAction":[{"@type":"ReadAction","target":["https:\/\/www.araniederglatt.ch\/?page_id=194"]}]},{"@type":"BreadcrumbList","@id":"https:\/\/www.araniederglatt.ch\/?page_id=194#breadcrumb","itemListElement":[{"@type":"ListItem","position":1,"name":"Start","item":"https:\/\/www.araniederglatt.ch\/"},{"@type":"ListItem","position":2,"name":"Mitarbeiter"}]},{"@type":"WebSite","@id":"https:\/\/www.araniederglatt.ch\/#website","url":"https:\/\/www.araniederglatt.ch\/","name":"ARA Niederglatt","description":"Sauberes Wasser, Abwasserreingung, Abwasserreinigung Niederglatt","publisher":{"@id":"https:\/\/www.araniederglatt.ch\/#organization"},"potentialAction":[{"@type":"SearchAction","target":{"@type":"EntryPoint","urlTemplate":"https:\/\/www.araniederglatt.ch\/?s={search_term_string}"},"query-input":{"@type":"PropertyValueSpecification","valueRequired":true,"valueName":"search_term_string"}}],"inLanguage":"de"},{"@type":"Organization","@id":"https:\/\/www.araniederglatt.ch\/#organization","name":"ARA Niederglatt","url":"https:\/\/www.araniederglatt.ch\/","logo":{"@type":"ImageObject","inLanguage":"de","@id":"https:\/\/www.araniederglatt.ch\/#\/schema\/logo\/image\/","url":"https:\/\/www.araniederglatt.ch\/wp-content\/uploads\/2018\/06\/cropped-NG-Logo-CMYK.jpg","contentUrl":"https:\/\/www.araniederglatt.ch\/wp-content\/uploads\/2018\/06\/cropped-NG-Logo-CMYK.jpg","width":3399,"height":1375,"caption":"ARA Niederglatt"},"image":{"@id":"https:\/\/www.araniederglatt.ch\/#\/schema\/logo\/image\/"}}]}},"_links":{"self":[{"href":"https:\/\/www.araniederglatt.ch\/index.php?rest_route=\/wp\/v2\/pages\/194","targetHints":{"allow":["GET"]}}],"collection":[{"href":"https:\/\/www.araniederglatt.ch\/index.php?rest_route=\/wp\/v2\/pages"}],"about":[{"href":"https:\/\/www.araniederglatt.ch\/index.php?rest_route=\/wp\/v2\/types\/page"}],"author":[{"embeddable":true,"href":"https:\/\/www.araniederglatt.ch\/index.php?rest_route=\/wp\/v2\/users\/1"}],"replies":[{"embeddable":true,"href":"https:\/\/www.araniederglatt.ch\/index.php?rest_route=%2Fwp%2Fv2%2Fcomments&post=194"}],"version-history":[{"count":16,"href":"https:\/\/www.araniederglatt.ch\/index.php?rest_route=\/wp\/v2\/pages\/194\/revisions"}],"predecessor-version":[{"id":404,"href":"https:\/\/www.araniederglatt.ch\/index.php?rest_route=\/wp\/v2\/pages\/194\/revisions\/404"}],"wp:attachment":[{"href":"https:\/\/www.araniederglatt.ch\/index.php?rest_route=%2Fwp%2Fv2%2Fmedia&parent=194"}],"curies":[{"name":"wp","href":"https:\/\/api.w.org\/{rel}","templated":true}]}}