{"id":151,"date":"2018-06-25T17:09:50","date_gmt":"2018-06-25T16:09:50","guid":{"rendered":"http:\/\/www.lomex.ch\/ARA-Niederglatt\/?page_id=151"},"modified":"2018-06-25T17:17:37","modified_gmt":"2018-06-25T16:17:37","slug":"frischschlammbehandlung","status":"publish","type":"page","link":"https:\/\/www.araniederglatt.ch\/?page_id=151","title":{"rendered":"Frischschlammbehandlung"},"content":{"rendered":"<p><span style=\"color: #000000;\">So wird der Frischschlamm behandelt<\/span><\/p>\n<p align=\"justify\"><span style=\"color: #000000;\">Bei der Abwasserreinigung fallen grosse Mengen an Schlamm an. Dabei handelt es sich um Schlamm aus der Kanalisation (F\u00e4kalien, Feststoffe etc.) und \u00dcberschussschlamm aus der biologischen Reinigung. Das in der Mischung als Frischschlamm bezeichnete Material ist d\u00fcnnfl\u00fcssig.<\/span><\/p>\n<p align=\"justify\"><span style=\"color: #000000;\">Dieser Frischschlamm wird aus der Vorkl\u00e4rung abgezogen und durch ein Sieb gepumpt, in dem alle groben Stoffe entfernt werden. Anschliessend wird er\u00a0auf ca. 36\u00b0C aufgeheizt und in den Faulraum gepumpt<\/span>.<\/p>\n<div id=\"afe-swf-1\" class=\"afe-flash\">Please Install Flash To support this image.<\/div>\n<p><a href=\"http:\/\/adobe.com\/go\/getflashplayer\"><img decoding=\"async\" src=\"http:\/\/www.adobe.com\/images\/shared\/download_buttons\/get_flash_player.gif\" alt=\"Get Adobe Flash player\" \/><\/a><\/p>\n<p>&nbsp;<\/p>\n","protected":false},"excerpt":{"rendered":"<p>So wird der Frischschlamm behandelt Bei der Abwasserreinigung fallen grosse Mengen an Schlamm an. Dabei handelt es sich um Schlamm &hellip; <a href=\"https:\/\/www.araniederglatt.ch\/?page_id=151\" class=\"more-link\">Continue reading <span class=\"screen-reader-text\">Frischschlammbehandlung<\/span><\/a><\/p>\n","protected":false},"author":1,"featured_media":0,"parent":0,"menu_order":0,"comment_status":"closed","ping_status":"closed","template":"","meta":{"footnotes":""},"class_list":["post-151","page","type-page","status-publish","hentry"],"yoast_head":"<!-- This site is optimized with the Yoast SEO plugin v27.3 - https:\/\/yoast.com\/product\/yoast-seo-wordpress\/ -->\r\n<title>Frischschlammbehandlung - ARA Niederglatt<\/title>\r\n<meta name=\"robots\" content=\"index, follow, max-snippet:-1, max-image-preview:large, max-video-preview:-1\" \/>\r\n<link rel=\"canonical\" href=\"https:\/\/www.araniederglatt.ch\/?page_id=151\" \/>\r\n<meta property=\"og:locale\" content=\"de_DE\" \/>\r\n<meta property=\"og:type\" content=\"article\" \/>\r\n<meta property=\"og:title\" content=\"Frischschlammbehandlung - ARA Niederglatt\" \/>\r\n<meta property=\"og:description\" content=\"So wird der Frischschlamm behandelt Bei der Abwasserreinigung fallen grosse Mengen an Schlamm an. Dabei handelt es sich um Schlamm &hellip; Continue reading Frischschlammbehandlung\" \/>\r\n<meta property=\"og:url\" content=\"https:\/\/www.araniederglatt.ch\/?page_id=151\" \/>\r\n<meta property=\"og:site_name\" content=\"ARA Niederglatt\" \/>\r\n<meta property=\"article:modified_time\" content=\"2018-06-25T16:17:37+00:00\" \/>\r\n<meta property=\"og:image\" content=\"http:\/\/www.adobe.com\/images\/shared\/download_buttons\/get_flash_player.gif\" \/>\r\n<meta name=\"twitter:card\" content=\"summary_large_image\" \/>\r\n<meta name=\"twitter:label1\" content=\"Gesch\u00e4tzte Lesezeit\" \/>\n\t<meta name=\"twitter:data1\" content=\"1\u00a0Minute\" \/>\r\n<script type=\"application\/ld+json\" class=\"yoast-schema-graph\">{\"@context\":\"https:\\\/\\\/schema.org\",\"@graph\":[{\"@type\":\"WebPage\",\"@id\":\"https:\\\/\\\/www.araniederglatt.ch\\\/?page_id=151\",\"url\":\"https:\\\/\\\/www.araniederglatt.ch\\\/?page_id=151\",\"name\":\"Frischschlammbehandlung - ARA Niederglatt\",\"isPartOf\":{\"@id\":\"https:\\\/\\\/www.araniederglatt.ch\\\/#website\"},\"primaryImageOfPage\":{\"@id\":\"https:\\\/\\\/www.araniederglatt.ch\\\/?page_id=151#primaryimage\"},\"image\":{\"@id\":\"https:\\\/\\\/www.araniederglatt.ch\\\/?page_id=151#primaryimage\"},\"thumbnailUrl\":\"http:\\\/\\\/www.adobe.com\\\/images\\\/shared\\\/download_buttons\\\/get_flash_player.gif\",\"datePublished\":\"2018-06-25T16:09:50+00:00\",\"dateModified\":\"2018-06-25T16:17:37+00:00\",\"breadcrumb\":{\"@id\":\"https:\\\/\\\/www.araniederglatt.ch\\\/?page_id=151#breadcrumb\"},\"inLanguage\":\"de\",\"potentialAction\":[{\"@type\":\"ReadAction\",\"target\":[\"https:\\\/\\\/www.araniederglatt.ch\\\/?page_id=151\"]}]},{\"@type\":\"ImageObject\",\"inLanguage\":\"de\",\"@id\":\"https:\\\/\\\/www.araniederglatt.ch\\\/?page_id=151#primaryimage\",\"url\":\"http:\\\/\\\/www.adobe.com\\\/images\\\/shared\\\/download_buttons\\\/get_flash_player.gif\",\"contentUrl\":\"http:\\\/\\\/www.adobe.com\\\/images\\\/shared\\\/download_buttons\\\/get_flash_player.gif\"},{\"@type\":\"BreadcrumbList\",\"@id\":\"https:\\\/\\\/www.araniederglatt.ch\\\/?page_id=151#breadcrumb\",\"itemListElement\":[{\"@type\":\"ListItem\",\"position\":1,\"name\":\"Start\",\"item\":\"https:\\\/\\\/www.araniederglatt.ch\\\/\"},{\"@type\":\"ListItem\",\"position\":2,\"name\":\"Frischschlammbehandlung\"}]},{\"@type\":\"WebSite\",\"@id\":\"https:\\\/\\\/www.araniederglatt.ch\\\/#website\",\"url\":\"https:\\\/\\\/www.araniederglatt.ch\\\/\",\"name\":\"ARA Niederglatt\",\"description\":\"Sauberes Wasser, Abwasserreingung, Abwasserreinigung Niederglatt\",\"publisher\":{\"@id\":\"https:\\\/\\\/www.araniederglatt.ch\\\/#organization\"},\"potentialAction\":[{\"@type\":\"SearchAction\",\"target\":{\"@type\":\"EntryPoint\",\"urlTemplate\":\"https:\\\/\\\/www.araniederglatt.ch\\\/?s={search_term_string}\"},\"query-input\":{\"@type\":\"PropertyValueSpecification\",\"valueRequired\":true,\"valueName\":\"search_term_string\"}}],\"inLanguage\":\"de\"},{\"@type\":\"Organization\",\"@id\":\"https:\\\/\\\/www.araniederglatt.ch\\\/#organization\",\"name\":\"ARA Niederglatt\",\"url\":\"https:\\\/\\\/www.araniederglatt.ch\\\/\",\"logo\":{\"@type\":\"ImageObject\",\"inLanguage\":\"de\",\"@id\":\"https:\\\/\\\/www.araniederglatt.ch\\\/#\\\/schema\\\/logo\\\/image\\\/\",\"url\":\"https:\\\/\\\/www.araniederglatt.ch\\\/wp-content\\\/uploads\\\/2018\\\/06\\\/cropped-NG-Logo-CMYK.jpg\",\"contentUrl\":\"https:\\\/\\\/www.araniederglatt.ch\\\/wp-content\\\/uploads\\\/2018\\\/06\\\/cropped-NG-Logo-CMYK.jpg\",\"width\":3399,\"height\":1375,\"caption\":\"ARA Niederglatt\"},\"image\":{\"@id\":\"https:\\\/\\\/www.araniederglatt.ch\\\/#\\\/schema\\\/logo\\\/image\\\/\"}}]}<\/script>\r\n<!-- \/ Yoast SEO plugin. -->","yoast_head_json":{"title":"Frischschlammbehandlung - ARA Niederglatt","robots":{"index":"index","follow":"follow","max-snippet":"max-snippet:-1","max-image-preview":"max-image-preview:large","max-video-preview":"max-video-preview:-1"},"canonical":"https:\/\/www.araniederglatt.ch\/?page_id=151","og_locale":"de_DE","og_type":"article","og_title":"Frischschlammbehandlung - ARA Niederglatt","og_description":"So wird der Frischschlamm behandelt Bei der Abwasserreinigung fallen grosse Mengen an Schlamm an. Dabei handelt es sich um Schlamm &hellip; Continue reading Frischschlammbehandlung","og_url":"https:\/\/www.araniederglatt.ch\/?page_id=151","og_site_name":"ARA Niederglatt","article_modified_time":"2018-06-25T16:17:37+00:00","og_image":[{"url":"http:\/\/www.adobe.com\/images\/shared\/download_buttons\/get_flash_player.gif","type":"","width":"","height":""}],"twitter_card":"summary_large_image","twitter_misc":{"Gesch\u00e4tzte Lesezeit":"1\u00a0Minute"},"schema":{"@context":"https:\/\/schema.org","@graph":[{"@type":"WebPage","@id":"https:\/\/www.araniederglatt.ch\/?page_id=151","url":"https:\/\/www.araniederglatt.ch\/?page_id=151","name":"Frischschlammbehandlung - ARA Niederglatt","isPartOf":{"@id":"https:\/\/www.araniederglatt.ch\/#website"},"primaryImageOfPage":{"@id":"https:\/\/www.araniederglatt.ch\/?page_id=151#primaryimage"},"image":{"@id":"https:\/\/www.araniederglatt.ch\/?page_id=151#primaryimage"},"thumbnailUrl":"http:\/\/www.adobe.com\/images\/shared\/download_buttons\/get_flash_player.gif","datePublished":"2018-06-25T16:09:50+00:00","dateModified":"2018-06-25T16:17:37+00:00","breadcrumb":{"@id":"https:\/\/www.araniederglatt.ch\/?page_id=151#breadcrumb"},"inLanguage":"de","potentialAction":[{"@type":"ReadAction","target":["https:\/\/www.araniederglatt.ch\/?page_id=151"]}]},{"@type":"ImageObject","inLanguage":"de","@id":"https:\/\/www.araniederglatt.ch\/?page_id=151#primaryimage","url":"http:\/\/www.adobe.com\/images\/shared\/download_buttons\/get_flash_player.gif","contentUrl":"http:\/\/www.adobe.com\/images\/shared\/download_buttons\/get_flash_player.gif"},{"@type":"BreadcrumbList","@id":"https:\/\/www.araniederglatt.ch\/?page_id=151#breadcrumb","itemListElement":[{"@type":"ListItem","position":1,"name":"Start","item":"https:\/\/www.araniederglatt.ch\/"},{"@type":"ListItem","position":2,"name":"Frischschlammbehandlung"}]},{"@type":"WebSite","@id":"https:\/\/www.araniederglatt.ch\/#website","url":"https:\/\/www.araniederglatt.ch\/","name":"ARA Niederglatt","description":"Sauberes Wasser, Abwasserreingung, Abwasserreinigung Niederglatt","publisher":{"@id":"https:\/\/www.araniederglatt.ch\/#organization"},"potentialAction":[{"@type":"SearchAction","target":{"@type":"EntryPoint","urlTemplate":"https:\/\/www.araniederglatt.ch\/?s={search_term_string}"},"query-input":{"@type":"PropertyValueSpecification","valueRequired":true,"valueName":"search_term_string"}}],"inLanguage":"de"},{"@type":"Organization","@id":"https:\/\/www.araniederglatt.ch\/#organization","name":"ARA Niederglatt","url":"https:\/\/www.araniederglatt.ch\/","logo":{"@type":"ImageObject","inLanguage":"de","@id":"https:\/\/www.araniederglatt.ch\/#\/schema\/logo\/image\/","url":"https:\/\/www.araniederglatt.ch\/wp-content\/uploads\/2018\/06\/cropped-NG-Logo-CMYK.jpg","contentUrl":"https:\/\/www.araniederglatt.ch\/wp-content\/uploads\/2018\/06\/cropped-NG-Logo-CMYK.jpg","width":3399,"height":1375,"caption":"ARA Niederglatt"},"image":{"@id":"https:\/\/www.araniederglatt.ch\/#\/schema\/logo\/image\/"}}]}},"_links":{"self":[{"href":"https:\/\/www.araniederglatt.ch\/index.php?rest_route=\/wp\/v2\/pages\/151","targetHints":{"allow":["GET"]}}],"collection":[{"href":"https:\/\/www.araniederglatt.ch\/index.php?rest_route=\/wp\/v2\/pages"}],"about":[{"href":"https:\/\/www.araniederglatt.ch\/index.php?rest_route=\/wp\/v2\/types\/page"}],"author":[{"embeddable":true,"href":"https:\/\/www.araniederglatt.ch\/index.php?rest_route=\/wp\/v2\/users\/1"}],"replies":[{"embeddable":true,"href":"https:\/\/www.araniederglatt.ch\/index.php?rest_route=%2Fwp%2Fv2%2Fcomments&post=151"}],"version-history":[{"count":6,"href":"https:\/\/www.araniederglatt.ch\/index.php?rest_route=\/wp\/v2\/pages\/151\/revisions"}],"predecessor-version":[{"id":153,"href":"https:\/\/www.araniederglatt.ch\/index.php?rest_route=\/wp\/v2\/pages\/151\/revisions\/153"}],"wp:attachment":[{"href":"https:\/\/www.araniederglatt.ch\/index.php?rest_route=%2Fwp%2Fv2%2Fmedia&parent=151"}],"curies":[{"name":"wp","href":"https:\/\/api.w.org\/{rel}","templated":true}]}}